{"id":805,"date":"2022-10-11T03:30:50","date_gmt":"2022-10-11T03:30:50","guid":{"rendered":"https:\/\/csbeaver.com\/blog\/?page_id=805"},"modified":"2022-10-11T03:30:51","modified_gmt":"2022-10-11T03:30:51","slug":"anaqueles-industriales-en-el-peru","status":"publish","type":"page","link":"https:\/\/csbeaver.com\/blog\/anaqueles-industriales-en-el-peru\/","title":{"rendered":"Conoce los anaqueles industriales en el Per\u00fa"},"content":{"rendered":"\n<p>Los anaqueles industriales son elementos que est\u00e1n presentes en instalaciones industriales, aquellas que movilizan grandes cantidades de mercanc\u00edas, bienes y productos de todo tipo. Son uno de los implementos que se debe de tener en almacenes y tiendas parecidas.<\/p>\n\n\n\n<p>En tal sentido, en este art\u00edculo vamos a explorar un poco sobre lo que son los <a href=\"https:\/\/equipment21.com\/retail\/anaqueles\/\">anaqueles<\/a> industriales, su importancia en la industria, los tipos que existen, los beneficios que proveen, cuando se deben usar y finalmente donde se pueden llegar a adquirir.<\/p>\n\n\n\n<figure class=\"wp-block-image size-full\"><img loading=\"lazy\" decoding=\"async\" width=\"800\" height=\"464\" src=\"https:\/\/csbeaver.com\/blog\/wp-content\/uploads\/2022\/10\/anaqueles-industriales.jpg\" alt=\"anaqueles-industriales\" class=\"wp-image-806\" srcset=\"https:\/\/csbeaver.com\/blog\/wp-content\/uploads\/2022\/10\/anaqueles-industriales.jpg 800w, https:\/\/csbeaver.com\/blog\/wp-content\/uploads\/2022\/10\/anaqueles-industriales-300x174.jpg 300w, https:\/\/csbeaver.com\/blog\/wp-content\/uploads\/2022\/10\/anaqueles-industriales-768x445.jpg 768w\" sizes=\"auto, (max-width: 800px) 100vw, 800px\" \/><\/figure>\n\n\n\n<h2 class=\"wp-block-heading\"><strong>Importancia de los anaqueles industriales<\/strong><\/h2>\n\n\n\n<p>Los anaqueles industriales tienen una gran importancia en el sector de la industria, son implementos que ayudan a mantener el control, la planificaci\u00f3n y el registro de la mercanc\u00eda que entra y sale de los locales o grandes almacenes a otros establecimientos y bodegas.<\/p>\n\n\n\n<p>Por esto, su uso est\u00e1 muy extendido, son parte fundamental de cualquier industria, sobre todo la manufacturera, de productos de consumo masivo y entre otros.<\/p>\n\n\n\n<h2 class=\"wp-block-heading\"><strong>\u00bfQu\u00e9 son los anaqueles industriales?<\/strong><\/h2>\n\n\n\n<p>Los anaqueles industriales son estructuras met\u00e1licas que sirven para que se puedan situar, almacenar y guardar en ellos todo tipo de mercanc\u00eda, bienes y productos. Se pueden dejar productos muy heterog\u00e9neos en su interior, desde los m\u00e1s grandes y pesados; hasta los m\u00e1s peque\u00f1os.<\/p>\n\n\n\n<p>Los <a href=\"https:\/\/equipment21.com\/retail\/anaqueles\/\">anaqueles<\/a> est\u00e1n hechos como una estructura que contiene una suerte de columnas que mantienen la estructura, en conjunto con una serie de pa\u00f1os o bandejas que est\u00e1n fijadas a las columnas, una delante de otra de forma paralela.<\/p>\n\n\n\n<figure class=\"wp-block-image size-full\"><img loading=\"lazy\" decoding=\"async\" width=\"800\" height=\"464\" src=\"https:\/\/csbeaver.com\/blog\/wp-content\/uploads\/2022\/10\/que-son-anaqueles-industriales.jpg\" alt=\"que-son-anaqueles-industriales\" class=\"wp-image-807\" srcset=\"https:\/\/csbeaver.com\/blog\/wp-content\/uploads\/2022\/10\/que-son-anaqueles-industriales.jpg 800w, https:\/\/csbeaver.com\/blog\/wp-content\/uploads\/2022\/10\/que-son-anaqueles-industriales-300x174.jpg 300w, https:\/\/csbeaver.com\/blog\/wp-content\/uploads\/2022\/10\/que-son-anaqueles-industriales-768x445.jpg 768w\" sizes=\"auto, (max-width: 800px) 100vw, 800px\" \/><\/figure>\n\n\n\n<h2 class=\"wp-block-heading\"><strong>\u00bfCu\u00e1les son los tipos de anaqueles industriales?<\/strong><\/h2>\n\n\n\n<p><strong>Entre los tipos de anaqueles industriales que existen, tenemos:\u00a0<\/strong><\/p>\n\n\n\n<ul class=\"wp-block-list\"><li>Anaqueles compactos<\/li><li>Anaqueles convencionales<\/li><li>Anaqueles din\u00e1micos<\/li><li>Anaqueles est\u00e1ndar&nbsp;<\/li><li>Anaqueles m\u00f3viles&nbsp;<\/li><\/ul>\n\n\n\n<h2 class=\"wp-block-heading\"><strong>Beneficios de los anaqueles industriales:<\/strong><\/h2>\n\n\n\n<ul class=\"wp-block-list\"><li>Estructuras met\u00e1licas resistentes y duraderas<\/li><\/ul>\n\n\n\n<ul class=\"wp-block-list\"><li>Mantienen el control, el registro y la planificaci\u00f3n de todos los paquetes que lleguen al almac\u00e9n o a la bodega<\/li><\/ul>\n\n\n\n<ul class=\"wp-block-list\"><li>Una mayor y mejor organizaci\u00f3n de entrada y salida de los paquetes<\/li><\/ul>\n\n\n\n<ul class=\"wp-block-list\"><li>Los productos quedan debidamente resguardados y situados dentro de una bodega o almac\u00e9n de forma segura y confiable<\/li><\/ul>\n\n\n\n<h2 class=\"wp-block-heading\"><strong>Entonces, \u00bfcu\u00e1ndo debo usar anaqueles industriales?<\/strong><\/h2>\n\n\n\n<p>Se debe usar <a href=\"https:\/\/equipment21.com\/retail\/anaqueles\/\">anaqueles<\/a> industriales para movilizaciones constantes y grandes de productos tan heterog\u00e9neos y diversos que requieran de instalaciones que puedan sostener y lograr que el trabajo sea \u00e1gil para la movilizaci\u00f3n tanto de entrada, as\u00ed como de salida de toda la mercanc\u00eda.<\/p>\n\n\n\n<figure class=\"wp-block-image size-full\"><img loading=\"lazy\" decoding=\"async\" width=\"800\" height=\"464\" src=\"https:\/\/csbeaver.com\/blog\/wp-content\/uploads\/2022\/10\/uso-de-anaqueles-industriales.jpg\" alt=\"que-son-anaqueles-industriales\" class=\"wp-image-808\" srcset=\"https:\/\/csbeaver.com\/blog\/wp-content\/uploads\/2022\/10\/uso-de-anaqueles-industriales.jpg 800w, https:\/\/csbeaver.com\/blog\/wp-content\/uploads\/2022\/10\/uso-de-anaqueles-industriales-300x174.jpg 300w, https:\/\/csbeaver.com\/blog\/wp-content\/uploads\/2022\/10\/uso-de-anaqueles-industriales-768x445.jpg 768w\" sizes=\"auto, (max-width: 800px) 100vw, 800px\" \/><\/figure>\n\n\n\n<p>Esto en especial, en industrias grandes, distribuidores de productos, tiendas de gran capacidad, como lo son los hipermercados, supermercados, tambi\u00e9n aquellas tiendas de conveniencia que requieren tener en stock e inventario como minitiendas, minimarket, bodegas y tienda de abarrotes.&nbsp;<\/p>\n\n\n\n<h2 class=\"wp-block-heading\"><strong>\u00bfD\u00f3nde venden anaqueles industriales?<\/strong><\/h2>\n\n\n\n<p>Equipment 21, es un negocio que ofrece anaqueles industriales con la mejor calidad que existe en el mercado peruano, teniendo los mejores y m\u00e1s accesibles precios al consumidor, todo esto desde un f\u00e1cil acceso por medio de la web, en donde estar\u00e1n las opciones, los modelos y finalmente toda la atenci\u00f3n para efectuar la compra.<\/p>\n","protected":false},"excerpt":{"rendered":"<p>Los anaqueles industriales son elementos que est\u00e1n presentes en instalaciones industriales, aquellas que movilizan grandes cantidades de mercanc\u00edas, bienes y productos de todo tipo. Son uno de los implementos que se debe de tener en &hellip;<\/p>\n","protected":false},"author":4,"featured_media":0,"parent":0,"menu_order":0,"comment_status":"closed","ping_status":"closed","template":"","meta":{"footnotes":""},"class_list":["post-805","page","type-page","status-publish","hentry"],"yoast_head":"<!-- This site is optimized with the Yoast SEO plugin v20.6 - https:\/\/yoast.com\/wordpress\/plugins\/seo\/ -->\n<title>Qu\u00e9 y cu\u00e1les son los anaqueles industriales<\/title>\n<meta name=\"description\" content=\"Los anaqueles industriales son elementos que est\u00e1n presentes en instalaciones industriales, aquellas que movilizan grandes cantidades de mercanc\u00edas,\" \/>\n<meta name=\"robots\" content=\"index, follow, max-snippet:-1, max-image-preview:large, max-video-preview:-1\" \/>\n<link rel=\"canonical\" href=\"https:\/\/csbeaver.com\/blog\/anaqueles-industriales-en-el-peru\/\" \/>\n<meta property=\"og:locale\" content=\"es_ES\" \/>\n<meta property=\"og:type\" content=\"article\" \/>\n<meta property=\"og:title\" content=\"Qu\u00e9 y cu\u00e1les son los anaqueles industriales\" \/>\n<meta property=\"og:description\" content=\"Los anaqueles industriales son elementos que est\u00e1n presentes en instalaciones industriales, aquellas que movilizan grandes cantidades de mercanc\u00edas,\" \/>\n<meta property=\"og:url\" content=\"https:\/\/csbeaver.com\/blog\/anaqueles-industriales-en-el-peru\/\" \/>\n<meta property=\"og:site_name\" content=\"CSBeaver Tecnolog\u00eda en izaje\" \/>\n<meta property=\"article:modified_time\" content=\"2022-10-11T03:30:51+00:00\" \/>\n<meta property=\"og:image\" content=\"https:\/\/csbeaver.com\/blog\/wp-content\/uploads\/2022\/10\/anaqueles-industriales.jpg\" \/>\n<meta name=\"twitter:card\" content=\"summary_large_image\" \/>\n<meta name=\"twitter:label1\" content=\"Tiempo de lectura\" \/>\n\t<meta name=\"twitter:data1\" content=\"3 minutos\" \/>\n<script type=\"application\/ld+json\" class=\"yoast-schema-graph\">{\"@context\":\"https:\/\/schema.org\",\"@graph\":[{\"@type\":\"WebPage\",\"@id\":\"https:\/\/csbeaver.com\/blog\/anaqueles-industriales-en-el-peru\/\",\"url\":\"https:\/\/csbeaver.com\/blog\/anaqueles-industriales-en-el-peru\/\",\"name\":\"Qu\u00e9 y cu\u00e1les son los anaqueles industriales\",\"isPartOf\":{\"@id\":\"https:\/\/csbeaver.com\/blog\/#website\"},\"datePublished\":\"2022-10-11T03:30:50+00:00\",\"dateModified\":\"2022-10-11T03:30:51+00:00\",\"description\":\"Los anaqueles industriales son elementos que est\u00e1n presentes en instalaciones industriales, aquellas que movilizan grandes cantidades de mercanc\u00edas,\",\"breadcrumb\":{\"@id\":\"https:\/\/csbeaver.com\/blog\/anaqueles-industriales-en-el-peru\/#breadcrumb\"},\"inLanguage\":\"es\",\"potentialAction\":[{\"@type\":\"ReadAction\",\"target\":[\"https:\/\/csbeaver.com\/blog\/anaqueles-industriales-en-el-peru\/\"]}]},{\"@type\":\"BreadcrumbList\",\"@id\":\"https:\/\/csbeaver.com\/blog\/anaqueles-industriales-en-el-peru\/#breadcrumb\",\"itemListElement\":[{\"@type\":\"ListItem\",\"position\":1,\"name\":\"Portada\",\"item\":\"https:\/\/csbeaver.com\/blog\/\"},{\"@type\":\"ListItem\",\"position\":2,\"name\":\"Conoce los anaqueles industriales en el Per\u00fa\"}]},{\"@type\":\"WebSite\",\"@id\":\"https:\/\/csbeaver.com\/blog\/#website\",\"url\":\"https:\/\/csbeaver.com\/blog\/\",\"name\":\"CSBeaver Tecnolog\u00eda en izaje\",\"description\":\"\",\"publisher\":{\"@id\":\"https:\/\/csbeaver.com\/blog\/#organization\"},\"potentialAction\":[{\"@type\":\"SearchAction\",\"target\":{\"@type\":\"EntryPoint\",\"urlTemplate\":\"https:\/\/csbeaver.com\/blog\/?s={search_term_string}\"},\"query-input\":\"required name=search_term_string\"}],\"inLanguage\":\"es\"},{\"@type\":\"Organization\",\"@id\":\"https:\/\/csbeaver.com\/blog\/#organization\",\"name\":\"CSBeaver Tecnolog\u00eda en izaje\",\"url\":\"https:\/\/csbeaver.com\/blog\/\",\"logo\":{\"@type\":\"ImageObject\",\"inLanguage\":\"es\",\"@id\":\"https:\/\/csbeaver.com\/blog\/#\/schema\/logo\/image\/\",\"url\":\"https:\/\/csbeaver.com\/blog\/wp-content\/uploads\/2017\/04\/cropped-logo-csbeaver.png\",\"contentUrl\":\"https:\/\/csbeaver.com\/blog\/wp-content\/uploads\/2017\/04\/cropped-logo-csbeaver.png\",\"width\":390,\"height\":146,\"caption\":\"CSBeaver Tecnolog\u00eda en izaje\"},\"image\":{\"@id\":\"https:\/\/csbeaver.com\/blog\/#\/schema\/logo\/image\/\"}}]}<\/script>\n<!-- \/ Yoast SEO plugin. -->","yoast_head_json":{"title":"Qu\u00e9 y cu\u00e1les son los anaqueles industriales","description":"Los anaqueles industriales son elementos que est\u00e1n presentes en instalaciones industriales, aquellas que movilizan grandes cantidades de mercanc\u00edas,","robots":{"index":"index","follow":"follow","max-snippet":"max-snippet:-1","max-image-preview":"max-image-preview:large","max-video-preview":"max-video-preview:-1"},"canonical":"https:\/\/csbeaver.com\/blog\/anaqueles-industriales-en-el-peru\/","og_locale":"es_ES","og_type":"article","og_title":"Qu\u00e9 y cu\u00e1les son los anaqueles industriales","og_description":"Los anaqueles industriales son elementos que est\u00e1n presentes en instalaciones industriales, aquellas que movilizan grandes cantidades de mercanc\u00edas,","og_url":"https:\/\/csbeaver.com\/blog\/anaqueles-industriales-en-el-peru\/","og_site_name":"CSBeaver Tecnolog\u00eda en izaje","article_modified_time":"2022-10-11T03:30:51+00:00","og_image":[{"url":"https:\/\/csbeaver.com\/blog\/wp-content\/uploads\/2022\/10\/anaqueles-industriales.jpg"}],"twitter_card":"summary_large_image","twitter_misc":{"Tiempo de lectura":"3 minutos"},"schema":{"@context":"https:\/\/schema.org","@graph":[{"@type":"WebPage","@id":"https:\/\/csbeaver.com\/blog\/anaqueles-industriales-en-el-peru\/","url":"https:\/\/csbeaver.com\/blog\/anaqueles-industriales-en-el-peru\/","name":"Qu\u00e9 y cu\u00e1les son los anaqueles industriales","isPartOf":{"@id":"https:\/\/csbeaver.com\/blog\/#website"},"datePublished":"2022-10-11T03:30:50+00:00","dateModified":"2022-10-11T03:30:51+00:00","description":"Los anaqueles industriales son elementos que est\u00e1n presentes en instalaciones industriales, aquellas que movilizan grandes cantidades de mercanc\u00edas,","breadcrumb":{"@id":"https:\/\/csbeaver.com\/blog\/anaqueles-industriales-en-el-peru\/#breadcrumb"},"inLanguage":"es","potentialAction":[{"@type":"ReadAction","target":["https:\/\/csbeaver.com\/blog\/anaqueles-industriales-en-el-peru\/"]}]},{"@type":"BreadcrumbList","@id":"https:\/\/csbeaver.com\/blog\/anaqueles-industriales-en-el-peru\/#breadcrumb","itemListElement":[{"@type":"ListItem","position":1,"name":"Portada","item":"https:\/\/csbeaver.com\/blog\/"},{"@type":"ListItem","position":2,"name":"Conoce los anaqueles industriales en el Per\u00fa"}]},{"@type":"WebSite","@id":"https:\/\/csbeaver.com\/blog\/#website","url":"https:\/\/csbeaver.com\/blog\/","name":"CSBeaver Tecnolog\u00eda en izaje","description":"","publisher":{"@id":"https:\/\/csbeaver.com\/blog\/#organization"},"potentialAction":[{"@type":"SearchAction","target":{"@type":"EntryPoint","urlTemplate":"https:\/\/csbeaver.com\/blog\/?s={search_term_string}"},"query-input":"required name=search_term_string"}],"inLanguage":"es"},{"@type":"Organization","@id":"https:\/\/csbeaver.com\/blog\/#organization","name":"CSBeaver Tecnolog\u00eda en izaje","url":"https:\/\/csbeaver.com\/blog\/","logo":{"@type":"ImageObject","inLanguage":"es","@id":"https:\/\/csbeaver.com\/blog\/#\/schema\/logo\/image\/","url":"https:\/\/csbeaver.com\/blog\/wp-content\/uploads\/2017\/04\/cropped-logo-csbeaver.png","contentUrl":"https:\/\/csbeaver.com\/blog\/wp-content\/uploads\/2017\/04\/cropped-logo-csbeaver.png","width":390,"height":146,"caption":"CSBeaver Tecnolog\u00eda en izaje"},"image":{"@id":"https:\/\/csbeaver.com\/blog\/#\/schema\/logo\/image\/"}}]}},"_links":{"self":[{"href":"https:\/\/csbeaver.com\/blog\/wp-json\/wp\/v2\/pages\/805","targetHints":{"allow":["GET"]}}],"collection":[{"href":"https:\/\/csbeaver.com\/blog\/wp-json\/wp\/v2\/pages"}],"about":[{"href":"https:\/\/csbeaver.com\/blog\/wp-json\/wp\/v2\/types\/page"}],"author":[{"embeddable":true,"href":"https:\/\/csbeaver.com\/blog\/wp-json\/wp\/v2\/users\/4"}],"replies":[{"embeddable":true,"href":"https:\/\/csbeaver.com\/blog\/wp-json\/wp\/v2\/comments?post=805"}],"version-history":[{"count":1,"href":"https:\/\/csbeaver.com\/blog\/wp-json\/wp\/v2\/pages\/805\/revisions"}],"predecessor-version":[{"id":809,"href":"https:\/\/csbeaver.com\/blog\/wp-json\/wp\/v2\/pages\/805\/revisions\/809"}],"wp:attachment":[{"href":"https:\/\/csbeaver.com\/blog\/wp-json\/wp\/v2\/media?parent=805"}],"curies":[{"name":"wp","href":"https:\/\/api.w.org\/{rel}","templated":true}]}}